{"id":554,"date":"2019-06-07T12:08:58","date_gmt":"2019-06-07T17:08:58","guid":{"rendered":"http:\/\/municorani.gob.pe\/?page_id=554"},"modified":"2020-05-24T18:43:32","modified_gmt":"2020-05-24T23:43:32","slug":"rondas-campesinas","status":"publish","type":"page","link":"https:\/\/municorani.gob.pe\/index.php\/rondas-campesinas\/","title":{"rendered":"RONDA CAMPESINA"},"content":{"rendered":"<h1><span style=\"color: #808000;\"><strong>NUESTRO REPRESENTANTE DE CORANI LIDERA LA NUEVA JUNTA DIRECTIVA DE LA CENTRAL \u00daNICA PROVINCIAL DE RONDAS CAMPESINAS DE CARABAYA <\/strong><\/span><\/h1>\n<p>En el Encuentro Provincial de las Rondas Campesinas realizada en el Distrito de Ituata (Tambillo) el d\u00eda 16 de diciembre, eligieron a los nuevos integrantes de la Central \u00danica Provincial de Rondas Campesinas de la Provincia de Carabaya donde nuestro representante de corani lidera las elecciones como presidente el se\u00f1or: Elviro Mamani Montalvo.<\/p>\n<p>Cabe precisar, que este evento y estas elecciones, fueron con la participaci\u00f3n de los 10 distritos de Carabaya, en donde componen las diferentes bases rondiriles.<\/p>\n<p>Los candidatos seg\u00fan listas presentadas fueron elegidos por votaci\u00f3n democr\u00e1tica quedando de la siguiente manera:<\/p>\n<p>Presidente: Elviro Mamani Montalvo (Corani).<\/p>\n<p>Vicepresidente: Cornelio Mayhua Vargas (Ollachea).<\/p>\n<p>Secretario de Actas: Rom\u00e1n Guti\u00e9rrez Cahuana (Ituata).<\/p>\n<p>Secretario de Econom\u00eda: Elmer Peralta Mollocondo (Macusani).<\/p>\n<p>Secretario de Orden y Disciplina: Gilver Tumbillo Quispe (Usicayos).<\/p>\n<p>Secretario de Organizaci\u00f3n: Emilio Leonardo Condori (Ajoyani).<\/p>\n<p>Asuntos Femeninos: Santos Mamani Vega (San Gab\u00e1n).<\/p>\n<p>Secretario de Derechos Humanos: Nixon Pacco Merma (Coasa).<\/p>\n<p>Secretario de Medio Ambiente: Ing. Marcelino Zepe Quispe (Crucero).<\/p>\n<p>Secretario de Cultura y Deporte: Juan Tapia Salcca (Ayapata).<\/p>\n<p>Finalmente, el juramento a la nueva junta directiva estuvo a cargo del se\u00f1or Segundo Patatingo Mamani, actual dirigente provincial de las rondas campesinas<\/p>\n<p><a href=\"http:\/\/municorani.gob.pe\/index.php\/2019\/12\/18\/nuestro-representante-de-corani-lidera-la-nueva-junta-directiva-de-la-central-unica-provincial-de-rondas-campesinas-de-carabaya\/80109604_2417992281782573_3419400322508914688_n\/\" rel=\"attachment wp-att-754\"><img loading=\"lazy\" decoding=\"async\" class=\"aligncenter size-medium wp-image-754\" src=\"http:\/\/municorani.gob.pe\/wp-content\/uploads\/2019\/12\/80109604_2417992281782573_3419400322508914688_n-300x225.jpg\" alt=\"\" width=\"300\" height=\"225\" srcset=\"https:\/\/municorani.gob.pe\/wp-content\/uploads\/2019\/12\/80109604_2417992281782573_3419400322508914688_n-300x225.jpg 300w, https:\/\/municorani.gob.pe\/wp-content\/uploads\/2019\/12\/80109604_2417992281782573_3419400322508914688_n-768x576.jpg 768w, https:\/\/municorani.gob.pe\/wp-content\/uploads\/2019\/12\/80109604_2417992281782573_3419400322508914688_n-360x270.jpg 360w, https:\/\/municorani.gob.pe\/wp-content\/uploads\/2019\/12\/80109604_2417992281782573_3419400322508914688_n.jpg 960w\" sizes=\"auto, (max-width: 300px) 100vw, 300px\" \/><\/a><\/p>\n<hr \/>\n<h1><span style=\"color: #008000;\">CUNA DE LAS RONDAS CAMPESINAS<\/span><\/h1>\n<p>Las rondas campesinas del Distrito de Corani provincia de Carabaya son un \u201cproyecto\u201d producido en las comunidades de altura de la provincia, entre los campesinos alpaqueros donde las rondas de Corani y sus cinco comunidades Acconsaya, Isivilla, Quelcaya, Chacaconiza, Chimboya, tienen un lugar clave, reconocido por todos los carabaynos como &#8220;CUNA DE LAS RONDAS CAMPESINAS&#8221;. Lo que esta organizaci\u00f3n super\u00f3 a toda las problemas y Construy\u00f3 por medio de sus acciones, un espacio para que se produzca una especie de identidad imaginada de pertenencia \u00a0supracomunal, en la cual el campesino pod\u00eda reconocerse a s\u00ed mismo como agente de su posicionamiento en los espacios del poder local distrital y provincial. La ronda logra esto por medio de una actividad sostenida y prolongada de articulaci\u00f3n, y de presencia en la vida de los distritos y la provincia. En este sentido, la actividad de la ronda en corani se diferencia cualitativamente de esas movilizaciones campesinas que se producen en la sociedad rural peruana de hoy como respuesta a un problema puntual, real o imaginario, y que tantas veces conduce a los campesinos y frentes de defensa. Nuestra conclusi\u00f3n final es que la ronda campesina de Corani \u00a0muestra que, en los espacios rurales del sur andino, las poblaciones campesinas comuneras pueden constituirse efectivamente en actores claves de la consolidaci\u00f3n de la institucionalidad democr\u00e1tica desde sus propias iniciativas y recursos socio-culturales. Tal como existe en Corani, la ronda campesina es un espacio clave para cualquier gobierno local como la nuestra.<\/p>\n","protected":false},"excerpt":{"rendered":"<p>NUESTRO REPRESENTANTE DE CORANI LIDERA LA NUEVA JUNTA DIRECTIVA DE LA CENTRAL \u00daNICA PROVINCIAL DE RONDAS CAMPESINAS DE CARABAYA En el Encuentro Provincial de las Rondas Campesinas realizada en el Distrito de Ituata (Tambillo) el d\u00eda 16 de diciembre, eligieron a los nuevos integrantes de la Central \u00danica Provincial de Rondas Campesinas de la Provincia de Carabaya donde nuestro representante de corani lidera las elecciones como presidente el se\u00f1or: Elviro <a href=\"https:\/\/municorani.gob.pe\/index.php\/rondas-campesinas\/\" class=\"read-more\">Leer m\u00e1s&#8230;<\/a><\/p>\n","protected":false},"author":1,"featured_media":706,"parent":0,"menu_order":0,"comment_status":"closed","ping_status":"closed","template":"","meta":{"footnotes":""},"class_list":["post-554","page","type-page","status-publish","has-post-thumbnail","hentry"],"yoast_head":"<!-- This site is optimized with the Yoast SEO plugin v17.7.1 - https:\/\/yoast.com\/wordpress\/plugins\/seo\/ -->\n<title>RONDA CAMPESINA - MUNICIPALIDAD DISTRITAL DE CORANI<\/title>\n<meta name=\"robots\" content=\"index, follow, max-snippet:-1, max-image-preview:large, max-video-preview:-1\" \/>\n<link rel=\"canonical\" href=\"https:\/\/municorani.gob.pe\/index.php\/rondas-campesinas\/\" \/>\n<meta property=\"og:locale\" content=\"es_ES\" \/>\n<meta property=\"og:type\" content=\"article\" \/>\n<meta property=\"og:title\" content=\"RONDA CAMPESINA - MUNICIPALIDAD DISTRITAL DE CORANI\" \/>\n<meta property=\"og:description\" content=\"NUESTRO REPRESENTANTE DE CORANI LIDERA LA NUEVA JUNTA DIRECTIVA DE LA CENTRAL \u00daNICA PROVINCIAL DE RONDAS CAMPESINAS DE CARABAYA En el Encuentro Provincial de las Rondas Campesinas realizada en el Distrito de Ituata (Tambillo) el d\u00eda 16 de diciembre, eligieron a los nuevos integrantes de la Central \u00danica Provincial de Rondas Campesinas de la Provincia de Carabaya donde nuestro representante de corani lidera las elecciones como presidente el se\u00f1or: Elviro Leer m\u00e1s...\" \/>\n<meta property=\"og:url\" content=\"https:\/\/municorani.gob.pe\/index.php\/rondas-campesinas\/\" \/>\n<meta property=\"og:site_name\" content=\"MUNICIPALIDAD DISTRITAL DE CORANI\" \/>\n<meta property=\"article:modified_time\" content=\"2020-05-24T23:43:32+00:00\" \/>\n<meta property=\"og:image\" content=\"https:\/\/municorani.gob.pe\/wp-content\/uploads\/2019\/11\/ronda-corani.jpg\" \/>\n\t<meta property=\"og:image:width\" content=\"1600\" \/>\n\t<meta property=\"og:image:height\" content=\"900\" \/>\n<meta name=\"twitter:card\" content=\"summary_large_image\" \/>\n<meta name=\"twitter:label1\" content=\"Tiempo de lectura\" \/>\n\t<meta name=\"twitter:data1\" content=\"2 minutos\" \/>\n<script type=\"application\/ld+json\" class=\"yoast-schema-graph\">{\"@context\":\"https:\/\/schema.org\",\"@graph\":[{\"@type\":\"WebSite\",\"@id\":\"https:\/\/municorani.gob.pe\/#website\",\"url\":\"https:\/\/municorani.gob.pe\/\",\"name\":\"MUNICIPALIDAD DISTRITAL DE CORANI\",\"description\":\"&quot;Cuna de las Rondas Campesinas&quot;\",\"potentialAction\":[{\"@type\":\"SearchAction\",\"target\":{\"@type\":\"EntryPoint\",\"urlTemplate\":\"https:\/\/municorani.gob.pe\/?s={search_term_string}\"},\"query-input\":\"required name=search_term_string\"}],\"inLanguage\":\"es\"},{\"@type\":\"ImageObject\",\"@id\":\"https:\/\/municorani.gob.pe\/index.php\/rondas-campesinas\/#primaryimage\",\"inLanguage\":\"es\",\"url\":\"https:\/\/municorani.gob.pe\/wp-content\/uploads\/2019\/11\/ronda-corani.jpg\",\"contentUrl\":\"https:\/\/municorani.gob.pe\/wp-content\/uploads\/2019\/11\/ronda-corani.jpg\",\"width\":1600,\"height\":900},{\"@type\":\"WebPage\",\"@id\":\"https:\/\/municorani.gob.pe\/index.php\/rondas-campesinas\/#webpage\",\"url\":\"https:\/\/municorani.gob.pe\/index.php\/rondas-campesinas\/\",\"name\":\"RONDA CAMPESINA - MUNICIPALIDAD DISTRITAL DE CORANI\",\"isPartOf\":{\"@id\":\"https:\/\/municorani.gob.pe\/#website\"},\"primaryImageOfPage\":{\"@id\":\"https:\/\/municorani.gob.pe\/index.php\/rondas-campesinas\/#primaryimage\"},\"datePublished\":\"2019-06-07T17:08:58+00:00\",\"dateModified\":\"2020-05-24T23:43:32+00:00\",\"breadcrumb\":{\"@id\":\"https:\/\/municorani.gob.pe\/index.php\/rondas-campesinas\/#breadcrumb\"},\"inLanguage\":\"es\",\"potentialAction\":[{\"@type\":\"ReadAction\",\"target\":[\"https:\/\/municorani.gob.pe\/index.php\/rondas-campesinas\/\"]}]},{\"@type\":\"BreadcrumbList\",\"@id\":\"https:\/\/municorani.gob.pe\/index.php\/rondas-campesinas\/#breadcrumb\",\"itemListElement\":[{\"@type\":\"ListItem\",\"position\":1,\"name\":\"Portada\",\"item\":\"https:\/\/municorani.gob.pe\/\"},{\"@type\":\"ListItem\",\"position\":2,\"name\":\"RONDA CAMPESINA\"}]}]}<\/script>\n<!-- \/ Yoast SEO plugin. -->","yoast_head_json":{"title":"RONDA CAMPESINA - MUNICIPALIDAD DISTRITAL DE CORANI","robots":{"index":"index","follow":"follow","max-snippet":"max-snippet:-1","max-image-preview":"max-image-preview:large","max-video-preview":"max-video-preview:-1"},"canonical":"https:\/\/municorani.gob.pe\/index.php\/rondas-campesinas\/","og_locale":"es_ES","og_type":"article","og_title":"RONDA CAMPESINA - MUNICIPALIDAD DISTRITAL DE CORANI","og_description":"NUESTRO REPRESENTANTE DE CORANI LIDERA LA NUEVA JUNTA DIRECTIVA DE LA CENTRAL \u00daNICA PROVINCIAL DE RONDAS CAMPESINAS DE CARABAYA En el Encuentro Provincial de las Rondas Campesinas realizada en el Distrito de Ituata (Tambillo) el d\u00eda 16 de diciembre, eligieron a los nuevos integrantes de la Central \u00danica Provincial de Rondas Campesinas de la Provincia de Carabaya donde nuestro representante de corani lidera las elecciones como presidente el se\u00f1or: Elviro Leer m\u00e1s...","og_url":"https:\/\/municorani.gob.pe\/index.php\/rondas-campesinas\/","og_site_name":"MUNICIPALIDAD DISTRITAL DE CORANI","article_modified_time":"2020-05-24T23:43:32+00:00","og_image":[{"width":1600,"height":900,"url":"https:\/\/municorani.gob.pe\/wp-content\/uploads\/2019\/11\/ronda-corani.jpg","type":"image\/jpeg"}],"twitter_card":"summary_large_image","twitter_misc":{"Tiempo de lectura":"2 minutos"},"schema":{"@context":"https:\/\/schema.org","@graph":[{"@type":"WebSite","@id":"https:\/\/municorani.gob.pe\/#website","url":"https:\/\/municorani.gob.pe\/","name":"MUNICIPALIDAD DISTRITAL DE CORANI","description":"&quot;Cuna de las Rondas Campesinas&quot;","potentialAction":[{"@type":"SearchAction","target":{"@type":"EntryPoint","urlTemplate":"https:\/\/municorani.gob.pe\/?s={search_term_string}"},"query-input":"required name=search_term_string"}],"inLanguage":"es"},{"@type":"ImageObject","@id":"https:\/\/municorani.gob.pe\/index.php\/rondas-campesinas\/#primaryimage","inLanguage":"es","url":"https:\/\/municorani.gob.pe\/wp-content\/uploads\/2019\/11\/ronda-corani.jpg","contentUrl":"https:\/\/municorani.gob.pe\/wp-content\/uploads\/2019\/11\/ronda-corani.jpg","width":1600,"height":900},{"@type":"WebPage","@id":"https:\/\/municorani.gob.pe\/index.php\/rondas-campesinas\/#webpage","url":"https:\/\/municorani.gob.pe\/index.php\/rondas-campesinas\/","name":"RONDA CAMPESINA - MUNICIPALIDAD DISTRITAL DE CORANI","isPartOf":{"@id":"https:\/\/municorani.gob.pe\/#website"},"primaryImageOfPage":{"@id":"https:\/\/municorani.gob.pe\/index.php\/rondas-campesinas\/#primaryimage"},"datePublished":"2019-06-07T17:08:58+00:00","dateModified":"2020-05-24T23:43:32+00:00","breadcrumb":{"@id":"https:\/\/municorani.gob.pe\/index.php\/rondas-campesinas\/#breadcrumb"},"inLanguage":"es","potentialAction":[{"@type":"ReadAction","target":["https:\/\/municorani.gob.pe\/index.php\/rondas-campesinas\/"]}]},{"@type":"BreadcrumbList","@id":"https:\/\/municorani.gob.pe\/index.php\/rondas-campesinas\/#breadcrumb","itemListElement":[{"@type":"ListItem","position":1,"name":"Portada","item":"https:\/\/municorani.gob.pe\/"},{"@type":"ListItem","position":2,"name":"RONDA CAMPESINA"}]}]}},"_links":{"self":[{"href":"https:\/\/municorani.gob.pe\/index.php\/wp-json\/wp\/v2\/pages\/554","targetHints":{"allow":["GET"]}}],"collection":[{"href":"https:\/\/municorani.gob.pe\/index.php\/wp-json\/wp\/v2\/pages"}],"about":[{"href":"https:\/\/municorani.gob.pe\/index.php\/wp-json\/wp\/v2\/types\/page"}],"author":[{"embeddable":true,"href":"https:\/\/municorani.gob.pe\/index.php\/wp-json\/wp\/v2\/users\/1"}],"replies":[{"embeddable":true,"href":"https:\/\/municorani.gob.pe\/index.php\/wp-json\/wp\/v2\/comments?post=554"}],"version-history":[{"count":5,"href":"https:\/\/municorani.gob.pe\/index.php\/wp-json\/wp\/v2\/pages\/554\/revisions"}],"predecessor-version":[{"id":827,"href":"https:\/\/municorani.gob.pe\/index.php\/wp-json\/wp\/v2\/pages\/554\/revisions\/827"}],"wp:featuredmedia":[{"embeddable":true,"href":"https:\/\/municorani.gob.pe\/index.php\/wp-json\/wp\/v2\/media\/706"}],"wp:attachment":[{"href":"https:\/\/municorani.gob.pe\/index.php\/wp-json\/wp\/v2\/media?parent=554"}],"curies":[{"name":"wp","href":"https:\/\/api.w.org\/{rel}","templated":true}]}}