{"id":550,"date":"2019-06-07T12:06:41","date_gmt":"2019-06-07T17:06:41","guid":{"rendered":"http:\/\/municorani.gob.pe\/?page_id=550"},"modified":"2024-02-09T10:41:40","modified_gmt":"2024-02-09T15:41:40","slug":"limpieza-publica","status":"publish","type":"page","link":"https:\/\/municorani.gob.pe\/index.php\/limpieza-publica\/","title":{"rendered":"LIMPIEZA PUBLICA"},"content":{"rendered":"<p><img loading=\"lazy\" decoding=\"async\" class=\"alignnone size-full wp-image-1831\" src=\"https:\/\/municorani.gob.pe\/wp-content\/uploads\/2024\/02\/limpieza-publica.jpg\" alt=\"\" width=\"787\" height=\"849\" srcset=\"https:\/\/municorani.gob.pe\/wp-content\/uploads\/2024\/02\/limpieza-publica.jpg 787w, https:\/\/municorani.gob.pe\/wp-content\/uploads\/2024\/02\/limpieza-publica-278x300.jpg 278w, https:\/\/municorani.gob.pe\/wp-content\/uploads\/2024\/02\/limpieza-publica-768x829.jpg 768w, https:\/\/municorani.gob.pe\/wp-content\/uploads\/2024\/02\/limpieza-publica-250x270.jpg 250w\" sizes=\"auto, (max-width: 787px) 100vw, 787px\" \/><\/p>\n<hr \/>\n<h2 class=\"itemTitle\"><span style=\"color: #000000;\"><strong>UNIDAD DE LIMPIEZA P\u00daBLICA<\/strong><\/span><\/h2>\n<p><span style=\"color: #000000;\">La Unidad de Limpieza P\u00fablica es la unidad org\u00e1nica encargada de la ejecuci\u00f3n y mantenimiento de los servicios p\u00fablicos urbanos y ambientales.<\/span><\/p>\n<p><span style=\"color: #000000;\">La Unidad de Limpieza P\u00fablica tiene como objetivo mantener en \u00f3ptimo estado la limpieza del distrito.<\/span><\/p>\n<p><strong><span style=\"color: #000000;\">Objetivo General:<\/span><\/strong><\/p>\n<p><span style=\"color: #000000;\">Optimizar el servicio de limpieza p\u00fablica, en los aspectos de gesti\u00f3n y manejo de los residuos s\u00f3lidos, para prevenir la contaminaci\u00f3n ambiental y la salud de la poblaci\u00f3n.<\/span><\/p>\n<p><strong><span style=\"color: #000000;\">Objetivos Espec\u00edficos:<\/span><\/strong><\/p>\n<ul>\n<li><span style=\"color: #000000;\">Implementar programas de fortalecimiento de capacidades t\u00e9cnicas y de gesti\u00f3n administrativa \u2013 financiera y capacidades t\u00e9cnicas operativas de gesti\u00f3n y manejo de los residuos s\u00f3lidos.<\/span><\/li>\n<li><span style=\"color: #000000;\">Implementar programas de segregaci\u00f3n en fuente, formando parte integral del plan de manejo de los residuos s\u00f3lidos.<\/span><\/li>\n<li><span style=\"color: #000000;\">Promover los niveles de participaci\u00f3n comunal, implementando programas de educaci\u00f3n, capacitaci\u00f3n y sensibilizaci\u00f3n ambiental<\/span><\/li>\n<\/ul>\n<p><span style=\"color: #000000;\"><strong>Municipalidad Distrital de Corani establece horarios de recojo de residuos s\u00f3lidos en la jurisdicci\u00f3n del Distrito<\/strong><\/span><\/p>\n<p><span style=\"color: #000000;\">Comuna de Corani establece rutas y distribuye el distrito en??? sectores para el recojo de los residuos s\u00f3lidos por los camiones recolectores<\/span><\/p>\n<p><span style=\"color: #000000;\">Con la finalidad de mantener limpia, saludable y ordenado en la ciudad, la Municipalidad Distrital de Corani a trav\u00e9s de la Subgerencia de Gesti\u00f3n Ambiental y Mantenimiento hace de conocimiento p\u00fablico el horario del cami\u00f3n recolector de residuos s\u00f3lidos por las distintas zonas de nuestra jurisdicci\u00f3n. <\/span><\/p>\n<p><span style=\"color: #000000;\">Los ciudadanos deben sacar sus residuos dentro de bolsas y depositarlas afuera de su vivienda en las horas indicadas o en un lugar visible. Debemos tener en cuenta que est\u00e1 prohibido el arrojo de desmonte, basura o cualquier tipo de residuo en calles, aceras, parques, carreteras y otros Seg\u00fan Ordenanza Municipal N\u00ba 000-2019-MDC-C.<\/span><\/p>\n<p><span style=\"color: #000000;\">Las infracciones tienen una sanci\u00f3n de 3% a 10% de la UIT. <strong>Municipalidad Distrital de Corani establece horarios de recojo de residuos s\u00f3lidos en la jurisdicci\u00f3n del Distrito<\/strong><\/span><\/p>\n<p><span style=\"color: #000000;\">Comuna de Corani establece rutas y distribuye el distrito en seis sectores para el recojo de los residuos s\u00f3lidos por los camiones recolectores<\/span><\/p>\n<p><span style=\"color: #000000;\"><u>VER HORARIOS ESTABLECIDOS DE RECOJO DE RESIDUOS\u00a0<\/u><\/span><span style=\"color: #000000;\"><u>S\u00d3LIDOS<\/u><\/span><\/p>\n<p><span style=\"color: #000000;\"><strong>VER MAPAS DE RESIDUOS\u00a0<\/strong><\/span><span style=\"color: #000000;\"><b>S\u00d3LIDOS<\/b><\/span><\/p>\n<ul>\n<li><span style=\"color: #000000;\"><u>PLANO COMPACTADORA<\/u><\/span><\/li>\n<li><span style=\"color: #000000;\"><u>PLANO DE BARREDORES<\/u><\/span><\/li>\n<\/ul>\n","protected":false},"excerpt":{"rendered":"<p>UNIDAD DE LIMPIEZA P\u00daBLICA La Unidad de Limpieza P\u00fablica es la unidad org\u00e1nica encargada de la ejecuci\u00f3n y mantenimiento de los servicios p\u00fablicos urbanos y ambientales. La Unidad de Limpieza P\u00fablica tiene como objetivo mantener en \u00f3ptimo estado la limpieza del distrito. Objetivo General: Optimizar el servicio de limpieza p\u00fablica, en los aspectos de gesti\u00f3n y manejo de los residuos s\u00f3lidos, para prevenir la contaminaci\u00f3n ambiental y la salud de <a href=\"https:\/\/municorani.gob.pe\/index.php\/limpieza-publica\/\" class=\"read-more\">Leer m\u00e1s&#8230;<\/a><\/p>\n","protected":false},"author":1,"featured_media":0,"parent":0,"menu_order":0,"comment_status":"closed","ping_status":"closed","template":"","meta":{"footnotes":""},"class_list":["post-550","page","type-page","status-publish","hentry"],"yoast_head":"<!-- This site is optimized with the Yoast SEO plugin v17.7.1 - https:\/\/yoast.com\/wordpress\/plugins\/seo\/ -->\n<title>LIMPIEZA PUBLICA - MUNICIPALIDAD DISTRITAL DE CORANI<\/title>\n<meta name=\"robots\" content=\"index, follow, max-snippet:-1, max-image-preview:large, max-video-preview:-1\" \/>\n<link rel=\"canonical\" href=\"https:\/\/municorani.gob.pe\/index.php\/limpieza-publica\/\" \/>\n<meta property=\"og:locale\" content=\"es_ES\" \/>\n<meta property=\"og:type\" content=\"article\" \/>\n<meta property=\"og:title\" content=\"LIMPIEZA PUBLICA - MUNICIPALIDAD DISTRITAL DE CORANI\" \/>\n<meta property=\"og:description\" content=\"UNIDAD DE LIMPIEZA P\u00daBLICA La Unidad de Limpieza P\u00fablica es la unidad org\u00e1nica encargada de la ejecuci\u00f3n y mantenimiento de los servicios p\u00fablicos urbanos y ambientales. La Unidad de Limpieza P\u00fablica tiene como objetivo mantener en \u00f3ptimo estado la limpieza del distrito. Objetivo General: Optimizar el servicio de limpieza p\u00fablica, en los aspectos de gesti\u00f3n y manejo de los residuos s\u00f3lidos, para prevenir la contaminaci\u00f3n ambiental y la salud de Leer m\u00e1s...\" \/>\n<meta property=\"og:url\" content=\"https:\/\/municorani.gob.pe\/index.php\/limpieza-publica\/\" \/>\n<meta property=\"og:site_name\" content=\"MUNICIPALIDAD DISTRITAL DE CORANI\" \/>\n<meta property=\"article:modified_time\" content=\"2024-02-09T15:41:40+00:00\" \/>\n<meta property=\"og:image\" content=\"https:\/\/municorani.gob.pe\/wp-content\/uploads\/2024\/02\/limpieza-publica.jpg\" \/>\n<meta name=\"twitter:card\" content=\"summary_large_image\" \/>\n<meta name=\"twitter:label1\" content=\"Tiempo de lectura\" \/>\n\t<meta name=\"twitter:data1\" content=\"2 minutos\" \/>\n<script type=\"application\/ld+json\" class=\"yoast-schema-graph\">{\"@context\":\"https:\/\/schema.org\",\"@graph\":[{\"@type\":\"WebSite\",\"@id\":\"https:\/\/municorani.gob.pe\/#website\",\"url\":\"https:\/\/municorani.gob.pe\/\",\"name\":\"MUNICIPALIDAD DISTRITAL DE CORANI\",\"description\":\"&quot;Cuna de las Rondas Campesinas&quot;\",\"potentialAction\":[{\"@type\":\"SearchAction\",\"target\":{\"@type\":\"EntryPoint\",\"urlTemplate\":\"https:\/\/municorani.gob.pe\/?s={search_term_string}\"},\"query-input\":\"required name=search_term_string\"}],\"inLanguage\":\"es\"},{\"@type\":\"ImageObject\",\"@id\":\"https:\/\/municorani.gob.pe\/index.php\/limpieza-publica\/#primaryimage\",\"inLanguage\":\"es\",\"url\":\"https:\/\/municorani.gob.pe\/wp-content\/uploads\/2024\/02\/limpieza-publica.jpg\",\"contentUrl\":\"https:\/\/municorani.gob.pe\/wp-content\/uploads\/2024\/02\/limpieza-publica.jpg\",\"width\":787,\"height\":849},{\"@type\":\"WebPage\",\"@id\":\"https:\/\/municorani.gob.pe\/index.php\/limpieza-publica\/#webpage\",\"url\":\"https:\/\/municorani.gob.pe\/index.php\/limpieza-publica\/\",\"name\":\"LIMPIEZA PUBLICA - MUNICIPALIDAD DISTRITAL DE CORANI\",\"isPartOf\":{\"@id\":\"https:\/\/municorani.gob.pe\/#website\"},\"primaryImageOfPage\":{\"@id\":\"https:\/\/municorani.gob.pe\/index.php\/limpieza-publica\/#primaryimage\"},\"datePublished\":\"2019-06-07T17:06:41+00:00\",\"dateModified\":\"2024-02-09T15:41:40+00:00\",\"breadcrumb\":{\"@id\":\"https:\/\/municorani.gob.pe\/index.php\/limpieza-publica\/#breadcrumb\"},\"inLanguage\":\"es\",\"potentialAction\":[{\"@type\":\"ReadAction\",\"target\":[\"https:\/\/municorani.gob.pe\/index.php\/limpieza-publica\/\"]}]},{\"@type\":\"BreadcrumbList\",\"@id\":\"https:\/\/municorani.gob.pe\/index.php\/limpieza-publica\/#breadcrumb\",\"itemListElement\":[{\"@type\":\"ListItem\",\"position\":1,\"name\":\"Portada\",\"item\":\"https:\/\/municorani.gob.pe\/\"},{\"@type\":\"ListItem\",\"position\":2,\"name\":\"LIMPIEZA PUBLICA\"}]}]}<\/script>\n<!-- \/ Yoast SEO plugin. -->","yoast_head_json":{"title":"LIMPIEZA PUBLICA - MUNICIPALIDAD DISTRITAL DE CORANI","robots":{"index":"index","follow":"follow","max-snippet":"max-snippet:-1","max-image-preview":"max-image-preview:large","max-video-preview":"max-video-preview:-1"},"canonical":"https:\/\/municorani.gob.pe\/index.php\/limpieza-publica\/","og_locale":"es_ES","og_type":"article","og_title":"LIMPIEZA PUBLICA - MUNICIPALIDAD DISTRITAL DE CORANI","og_description":"UNIDAD DE LIMPIEZA P\u00daBLICA La Unidad de Limpieza P\u00fablica es la unidad org\u00e1nica encargada de la ejecuci\u00f3n y mantenimiento de los servicios p\u00fablicos urbanos y ambientales. La Unidad de Limpieza P\u00fablica tiene como objetivo mantener en \u00f3ptimo estado la limpieza del distrito. Objetivo General: Optimizar el servicio de limpieza p\u00fablica, en los aspectos de gesti\u00f3n y manejo de los residuos s\u00f3lidos, para prevenir la contaminaci\u00f3n ambiental y la salud de Leer m\u00e1s...","og_url":"https:\/\/municorani.gob.pe\/index.php\/limpieza-publica\/","og_site_name":"MUNICIPALIDAD DISTRITAL DE CORANI","article_modified_time":"2024-02-09T15:41:40+00:00","og_image":[{"url":"https:\/\/municorani.gob.pe\/wp-content\/uploads\/2024\/02\/limpieza-publica.jpg"}],"twitter_card":"summary_large_image","twitter_misc":{"Tiempo de lectura":"2 minutos"},"schema":{"@context":"https:\/\/schema.org","@graph":[{"@type":"WebSite","@id":"https:\/\/municorani.gob.pe\/#website","url":"https:\/\/municorani.gob.pe\/","name":"MUNICIPALIDAD DISTRITAL DE CORANI","description":"&quot;Cuna de las Rondas Campesinas&quot;","potentialAction":[{"@type":"SearchAction","target":{"@type":"EntryPoint","urlTemplate":"https:\/\/municorani.gob.pe\/?s={search_term_string}"},"query-input":"required name=search_term_string"}],"inLanguage":"es"},{"@type":"ImageObject","@id":"https:\/\/municorani.gob.pe\/index.php\/limpieza-publica\/#primaryimage","inLanguage":"es","url":"https:\/\/municorani.gob.pe\/wp-content\/uploads\/2024\/02\/limpieza-publica.jpg","contentUrl":"https:\/\/municorani.gob.pe\/wp-content\/uploads\/2024\/02\/limpieza-publica.jpg","width":787,"height":849},{"@type":"WebPage","@id":"https:\/\/municorani.gob.pe\/index.php\/limpieza-publica\/#webpage","url":"https:\/\/municorani.gob.pe\/index.php\/limpieza-publica\/","name":"LIMPIEZA PUBLICA - MUNICIPALIDAD DISTRITAL DE CORANI","isPartOf":{"@id":"https:\/\/municorani.gob.pe\/#website"},"primaryImageOfPage":{"@id":"https:\/\/municorani.gob.pe\/index.php\/limpieza-publica\/#primaryimage"},"datePublished":"2019-06-07T17:06:41+00:00","dateModified":"2024-02-09T15:41:40+00:00","breadcrumb":{"@id":"https:\/\/municorani.gob.pe\/index.php\/limpieza-publica\/#breadcrumb"},"inLanguage":"es","potentialAction":[{"@type":"ReadAction","target":["https:\/\/municorani.gob.pe\/index.php\/limpieza-publica\/"]}]},{"@type":"BreadcrumbList","@id":"https:\/\/municorani.gob.pe\/index.php\/limpieza-publica\/#breadcrumb","itemListElement":[{"@type":"ListItem","position":1,"name":"Portada","item":"https:\/\/municorani.gob.pe\/"},{"@type":"ListItem","position":2,"name":"LIMPIEZA PUBLICA"}]}]}},"_links":{"self":[{"href":"https:\/\/municorani.gob.pe\/index.php\/wp-json\/wp\/v2\/pages\/550","targetHints":{"allow":["GET"]}}],"collection":[{"href":"https:\/\/municorani.gob.pe\/index.php\/wp-json\/wp\/v2\/pages"}],"about":[{"href":"https:\/\/municorani.gob.pe\/index.php\/wp-json\/wp\/v2\/types\/page"}],"author":[{"embeddable":true,"href":"https:\/\/municorani.gob.pe\/index.php\/wp-json\/wp\/v2\/users\/1"}],"replies":[{"embeddable":true,"href":"https:\/\/municorani.gob.pe\/index.php\/wp-json\/wp\/v2\/comments?post=550"}],"version-history":[{"count":2,"href":"https:\/\/municorani.gob.pe\/index.php\/wp-json\/wp\/v2\/pages\/550\/revisions"}],"predecessor-version":[{"id":1832,"href":"https:\/\/municorani.gob.pe\/index.php\/wp-json\/wp\/v2\/pages\/550\/revisions\/1832"}],"wp:attachment":[{"href":"https:\/\/municorani.gob.pe\/index.php\/wp-json\/wp\/v2\/media?parent=550"}],"curies":[{"name":"wp","href":"https:\/\/api.w.org\/{rel}","templated":true}]}}