{"id":536,"date":"2019-06-07T11:27:51","date_gmt":"2019-06-07T16:27:51","guid":{"rendered":"http:\/\/municorani.gob.pe\/?page_id=536"},"modified":"2019-06-07T11:35:54","modified_gmt":"2019-06-07T16:35:54","slug":"programa-vaso-de-leche","status":"publish","type":"page","link":"https:\/\/municorani.gob.pe\/index.php\/programa-vaso-de-leche\/","title":{"rendered":"PROGRAMA VASO DE LECHE"},"content":{"rendered":"<p><img loading=\"lazy\" decoding=\"async\" class=\"alignnone size-full wp-image-539\" src=\"http:\/\/municorani.gob.pe\/wp-content\/uploads\/2019\/06\/vasodeleche.png\" alt=\"\" width=\"363\" height=\"201\" srcset=\"https:\/\/municorani.gob.pe\/wp-content\/uploads\/2019\/06\/vasodeleche.png 363w, https:\/\/municorani.gob.pe\/wp-content\/uploads\/2019\/06\/vasodeleche-300x166.png 300w, https:\/\/municorani.gob.pe\/wp-content\/uploads\/2019\/06\/vasodeleche-360x199.png 360w\" sizes=\"auto, (max-width: 363px) 100vw, 363px\" \/><\/p>\n<p><span style=\"color: #000000;\"><b>PRESENTACI\u00d3N<\/b><\/span><\/p>\n<p><span style=\"color: #000000;\">El Programa del Vaso de Leche se constituye como uno de los PRINCIPALES PROGRAMAS DE APOYO SOCIAL ALIMENTARIO que implementa el Estado a trav\u00e9s de las Municipalidades a Nivel Nacional, a trav\u00e9s de la entrega de una raci\u00f3n diaria de alimentos a los grupos sociales m\u00e1s vulnerables, con el PROP\u00d3SITO DE AYUDAR A SUPERAR LA INSEGURIDAD ALIMENTARIA EN LA QUE SE ENCUENTRA EN LA ACTUALIDAD.<\/span><\/p>\n<p>&nbsp;<\/p>\n<p><strong><span style=\"color: #000000;\">ANTECEDENTES<\/span><\/strong><\/p>\n<p><span style=\"color: #000000;\">El Programa del Vaso de Leche (PVL) fue creado en el Per\u00fa, mediante Ley N\u00ba 24059, el 21 de Diciembre del a\u00f1o 1984, sin embargo, entra en vigencia todav\u00eda el\u00a04 DE ENERO DE 1985\u00a0en todas las Municipalidades Provinciales del pa\u00eds y consecuentemente pasa a ser administrado directamente por las Municipalidades Distritales.<\/span><\/p>\n<p><span style=\"color: #000000;\">En cada Municipalidad Provincial, Distrital y delegadas de la jurisdicci\u00f3n, se conforma un Comit\u00e9 de Administraci\u00f3n del PVL, integrado por el Alcalde, un Funcionario Municipal, un representante del Ministerio de Salud y Tres representantes de la organizaci\u00f3n del Programa del Vaso de Leche. La estructura funcional de estos Comit\u00e9s, se constituyen de acuerdo a las disposiciones de cada Municipalidad.<\/span><\/p>\n<p>&nbsp;<\/p>\n<p><strong><span style=\"color: #000000;\">VISI\u00d3N<\/span><\/strong><\/p>\n<p><span style=\"color: #000000;\">El Programa de Vaso de Leche de la Municipalidad Distrital de Corani, cuenta con ??? Comit\u00e9s siendo los beneficiarios ???.<\/span><\/p>\n<p><span style=\"color: #000000;\">Lo que busca el programa es contribuir a MEJORAR LA ALIMENTACI\u00d3N DE LOS MENORES de nuestro Distrito, erradicando y previniendo la Desnutrici\u00f3n, asimismo sensibilizar a las madres para generar ideas y proyectos productivos a trav\u00e9s de la capacitaciones y proyectos, creando as\u00ed una cultura de valores e igualdad de oportunidades para elevar la calidad de vida de la poblaci\u00f3n de escasos recursos econ\u00f3micos y tener la certeza de que los productos lleguen a los beneficiarios que realmente lo requieren.<\/span><\/p>\n<p>&nbsp;<\/p>\n<p><strong><span style=\"color: #000000;\">MISI\u00d3N<\/span><\/strong><\/p>\n<p><span style=\"color: #000000;\">El Programa Vaso de Leche tiene por misi\u00f3n el SERVICIO DE REPARTO de los alimentos de HOJUELAS DE CEBADA AVENA Y CA\u00d1IHUA y LECHE FRESCA, cumpliendo a cabalidad los requisitos y reglamentos que son promovidos desde el Estado para brindar un servicio eficiente, equitativo.<\/span><\/p>\n<p><span style=\"color: #000000;\">En consecuencia se realizaran verificaciones domiciliarias, para\u00a0comprobar la veracidad de los datos proporcionados por los informantes en las\u00a0Fichas Socio-Econ\u00f3micas, por lo cual nos ayudara a clasificar a los beneficiarios de escasos recursos.\u00a0<\/span><\/p>\n<p>&nbsp;<\/p>\n<p><strong><span style=\"color: #000000;\">BASES LEGALES<\/span><\/strong><\/p>\n<ul>\n<li><span style=\"color: #000000;\">Ley N\u00ba 24059,del 21 de diciembre de 1984, Ley de Creaci\u00f3n del Programa del Vaso de Leche.<\/span><\/li>\n<li><span style=\"color: #000000;\">Ley N\u00ba 27470, que establece Normas Complementarias para la Ejecuci\u00f3n del PVL.<\/span><\/li>\n<li><span style=\"color: #000000;\">Ley N\u00b027712 Modifica la Ley 27470, Ley que establece normas complementarias para la Ejecuci\u00f3n del Programa del Vaso de Leche<\/span><\/li>\n<\/ul>\n<p>&nbsp;<\/p>\n<p><strong><span style=\"color: #000000;\">COORDINACI\u00d3N DEL PROGRAMA DE VASO DE LECHE<\/span><\/strong><\/p>\n<ul>\n<li><span style=\"color: #000000;\">Supervisa la Realizaci\u00f3n del Programas de comit\u00e9.<\/span><\/li>\n<li><span style=\"color: #000000;\">Coordina la recepci\u00f3n y distribuci\u00f3n de los insumos del Programa de Vaso de Leche.<\/span><\/li>\n<li><span style=\"color: #000000;\">Mantiene Actualizado los Padrones de Beneficiaros del Vaso de Leche.<\/span><\/li>\n<li><span style=\"color: #000000;\">Promueve la formaci\u00f3n de Comit\u00e9s del Programa de Vaso de Leche.<\/span><\/li>\n<li><span style=\"color: #000000;\">Efect\u00faa el informe para la Contralor\u00eda sobre las Actividades de Distribuci\u00f3n del Programa.<\/span><\/li>\n<\/ul>\n<p>&nbsp;<\/p>\n<p><strong><span style=\"color: #000000;\">REQUISITOS PARA ACCEDER AL PROGRAMA DE VASO DE LECHE<\/span><\/strong><\/p>\n<ul>\n<li><span style=\"color: #000000;\">Residir en Distrito de Corani<\/span><\/li>\n<li><span style=\"color: #000000;\">Formatos de empadronamiento<\/span><\/li>\n<li><span style=\"color: #000000;\">DNI del apoderado<\/span><\/li>\n<li><span style=\"color: #000000;\">DNI del beneficiario<\/span><\/li>\n<li><span style=\"color: #000000;\">Recibo de agua o luz<\/span><\/li>\n<li><span style=\"color: #000000;\">Tarjeta de vacunaci\u00f3n &#8211; control prenatal<\/span><\/li>\n<li><span style=\"color: #000000;\">Constancia del centro de atenci\u00f3n del centro<\/span><\/li>\n<li><span style=\"color: #000000;\">Copia de la Resoluci\u00f3n de Discapacidad (CONADIS) y\/u otro documento que certifique la discapacidad o enfermedad.<\/span><\/li>\n<li><span style=\"color: #000000;\">Llenar la ficha de inscripci\u00f3n y Ficha Socio-Econ\u00f3mica.<\/span><\/li>\n<\/ul>\n<p>&nbsp;<\/p>\n<p><strong><span style=\"color: #000000;\">\u00bfA QUIENES VA DIRIGIDO?<\/span><\/strong><\/p>\n<p><span style=\"color: #000000;\">PRIMERA PRIORIDAD<\/span><\/p>\n<ul>\n<li><span style=\"color: #000000;\">Ni\u00f1os menores de 6 a\u00f1os.<\/span><\/li>\n<li><span style=\"color: #000000;\">Madres en periodo de gestaci\u00f3n (nueve meses).<\/span><\/li>\n<li><span style=\"color: #000000;\">Madres en periodo de lactancia (doce meses).<\/span><\/li>\n<\/ul>\n<p><span style=\"color: #000000;\">SEGUNDA PRIORIDAD:<\/span><\/p>\n<ul>\n<li><span style=\"color: #000000;\">Ni\u00f1os de 7 a 13 a\u00f1os<\/span><\/li>\n<li><span style=\"color: #000000;\">Adulto mayor<\/span><\/li>\n<li><span style=\"color: #000000;\">TBC: DNI, Certificado m\u00e9dico de enfermedad<\/span><\/li>\n<li><span style=\"color: #000000;\">Personas con Discapacidad: DNI, Certificado m\u00e9dico de discapacidad<\/span><\/li>\n<\/ul>\n<p>&nbsp;<\/p>\n<p><strong><span style=\"color: #000000;\">MOTIVOS POR EL CUAL PIERDE LA CONDICI\u00d3N DE BENEFICIARIO<\/span><\/strong><\/p>\n<ul>\n<li><span style=\"color: #000000;\">Ni\u00f1os que cumplen los 7 a\u00f1os.<\/span><\/li>\n<li><span style=\"color: #000000;\">Al a\u00f1o del periodo de lactancia.<\/span><\/li>\n<li><span style=\"color: #000000;\">Cambio de distrito.<\/span><\/li>\n<li><span style=\"color: #000000;\">Mejoras en la condici\u00f3n socioecon\u00f3mica.<\/span><\/li>\n<li><span style=\"color: #000000;\">Falsedad de datos.<\/span><\/li>\n<li><span style=\"color: #000000;\">Duplicidad de beneficiarios.<\/span><\/li>\n<li><span style=\"color: #000000;\">Fallecimiento del beneficiario.<\/span><\/li>\n<li><span style=\"color: #000000;\">Por estar inscrito en 2 o m\u00e1s comit\u00e9s<\/span><\/li>\n<li><span style=\"color: #000000;\">Por no entregar la planilla de alientos en los d\u00edas indicado<\/span><\/li>\n<li><span style=\"color: #000000;\">Por no respetar los acuerdos del PVL<\/span><\/li>\n<li><span style=\"color: #000000;\">Por suplantar firmas en la repartici\u00f3n de productos<\/span><\/li>\n<\/ul>\n","protected":false},"excerpt":{"rendered":"<p>PRESENTACI\u00d3N El Programa del Vaso de Leche se constituye como uno de los PRINCIPALES PROGRAMAS DE APOYO SOCIAL ALIMENTARIO que implementa el Estado a trav\u00e9s de las Municipalidades a Nivel Nacional, a trav\u00e9s de la entrega de una raci\u00f3n diaria de alimentos a los grupos sociales m\u00e1s vulnerables, con el PROP\u00d3SITO DE AYUDAR A SUPERAR LA INSEGURIDAD ALIMENTARIA EN LA QUE SE ENCUENTRA EN LA ACTUALIDAD. &nbsp; ANTECEDENTES El Programa <a href=\"https:\/\/municorani.gob.pe\/index.php\/programa-vaso-de-leche\/\" class=\"read-more\">Leer m\u00e1s&#8230;<\/a><\/p>\n","protected":false},"author":1,"featured_media":0,"parent":0,"menu_order":0,"comment_status":"closed","ping_status":"closed","template":"","meta":{"footnotes":""},"class_list":["post-536","page","type-page","status-publish","hentry"],"yoast_head":"<!-- This site is optimized with the Yoast SEO plugin v17.7.1 - https:\/\/yoast.com\/wordpress\/plugins\/seo\/ -->\n<title>PROGRAMA VASO DE LECHE - MUNICIPALIDAD DISTRITAL DE CORANI<\/title>\n<meta name=\"robots\" content=\"index, follow, max-snippet:-1, max-image-preview:large, max-video-preview:-1\" \/>\n<link rel=\"canonical\" href=\"https:\/\/municorani.gob.pe\/index.php\/programa-vaso-de-leche\/\" \/>\n<meta property=\"og:locale\" content=\"es_ES\" \/>\n<meta property=\"og:type\" content=\"article\" \/>\n<meta property=\"og:title\" content=\"PROGRAMA VASO DE LECHE - MUNICIPALIDAD DISTRITAL DE CORANI\" \/>\n<meta property=\"og:description\" content=\"PRESENTACI\u00d3N El Programa del Vaso de Leche se constituye como uno de los PRINCIPALES PROGRAMAS DE APOYO SOCIAL ALIMENTARIO que implementa el Estado a trav\u00e9s de las Municipalidades a Nivel Nacional, a trav\u00e9s de la entrega de una raci\u00f3n diaria de alimentos a los grupos sociales m\u00e1s vulnerables, con el PROP\u00d3SITO DE AYUDAR A SUPERAR LA INSEGURIDAD ALIMENTARIA EN LA QUE SE ENCUENTRA EN LA ACTUALIDAD. &nbsp; ANTECEDENTES El Programa Leer m\u00e1s...\" \/>\n<meta property=\"og:url\" content=\"https:\/\/municorani.gob.pe\/index.php\/programa-vaso-de-leche\/\" \/>\n<meta property=\"og:site_name\" content=\"MUNICIPALIDAD DISTRITAL DE CORANI\" \/>\n<meta property=\"article:modified_time\" content=\"2019-06-07T16:35:54+00:00\" \/>\n<meta property=\"og:image\" content=\"http:\/\/municorani.gob.pe\/wp-content\/uploads\/2019\/06\/vasodeleche.png\" \/>\n<meta name=\"twitter:card\" content=\"summary_large_image\" \/>\n<meta name=\"twitter:label1\" content=\"Tiempo de lectura\" \/>\n\t<meta name=\"twitter:data1\" content=\"4 minutos\" \/>\n<script type=\"application\/ld+json\" class=\"yoast-schema-graph\">{\"@context\":\"https:\/\/schema.org\",\"@graph\":[{\"@type\":\"WebSite\",\"@id\":\"https:\/\/municorani.gob.pe\/#website\",\"url\":\"https:\/\/municorani.gob.pe\/\",\"name\":\"MUNICIPALIDAD DISTRITAL DE CORANI\",\"description\":\"&quot;Cuna de las Rondas Campesinas&quot;\",\"potentialAction\":[{\"@type\":\"SearchAction\",\"target\":{\"@type\":\"EntryPoint\",\"urlTemplate\":\"https:\/\/municorani.gob.pe\/?s={search_term_string}\"},\"query-input\":\"required name=search_term_string\"}],\"inLanguage\":\"es\"},{\"@type\":\"ImageObject\",\"@id\":\"https:\/\/municorani.gob.pe\/index.php\/programa-vaso-de-leche\/#primaryimage\",\"inLanguage\":\"es\",\"url\":\"http:\/\/municorani.gob.pe\/wp-content\/uploads\/2019\/06\/vasodeleche.png\",\"contentUrl\":\"http:\/\/municorani.gob.pe\/wp-content\/uploads\/2019\/06\/vasodeleche.png\"},{\"@type\":\"WebPage\",\"@id\":\"https:\/\/municorani.gob.pe\/index.php\/programa-vaso-de-leche\/#webpage\",\"url\":\"https:\/\/municorani.gob.pe\/index.php\/programa-vaso-de-leche\/\",\"name\":\"PROGRAMA VASO DE LECHE - MUNICIPALIDAD DISTRITAL DE CORANI\",\"isPartOf\":{\"@id\":\"https:\/\/municorani.gob.pe\/#website\"},\"primaryImageOfPage\":{\"@id\":\"https:\/\/municorani.gob.pe\/index.php\/programa-vaso-de-leche\/#primaryimage\"},\"datePublished\":\"2019-06-07T16:27:51+00:00\",\"dateModified\":\"2019-06-07T16:35:54+00:00\",\"breadcrumb\":{\"@id\":\"https:\/\/municorani.gob.pe\/index.php\/programa-vaso-de-leche\/#breadcrumb\"},\"inLanguage\":\"es\",\"potentialAction\":[{\"@type\":\"ReadAction\",\"target\":[\"https:\/\/municorani.gob.pe\/index.php\/programa-vaso-de-leche\/\"]}]},{\"@type\":\"BreadcrumbList\",\"@id\":\"https:\/\/municorani.gob.pe\/index.php\/programa-vaso-de-leche\/#breadcrumb\",\"itemListElement\":[{\"@type\":\"ListItem\",\"position\":1,\"name\":\"Portada\",\"item\":\"https:\/\/municorani.gob.pe\/\"},{\"@type\":\"ListItem\",\"position\":2,\"name\":\"PROGRAMA VASO DE LECHE\"}]}]}<\/script>\n<!-- \/ Yoast SEO plugin. -->","yoast_head_json":{"title":"PROGRAMA VASO DE LECHE - MUNICIPALIDAD DISTRITAL DE CORANI","robots":{"index":"index","follow":"follow","max-snippet":"max-snippet:-1","max-image-preview":"max-image-preview:large","max-video-preview":"max-video-preview:-1"},"canonical":"https:\/\/municorani.gob.pe\/index.php\/programa-vaso-de-leche\/","og_locale":"es_ES","og_type":"article","og_title":"PROGRAMA VASO DE LECHE - MUNICIPALIDAD DISTRITAL DE CORANI","og_description":"PRESENTACI\u00d3N El Programa del Vaso de Leche se constituye como uno de los PRINCIPALES PROGRAMAS DE APOYO SOCIAL ALIMENTARIO que implementa el Estado a trav\u00e9s de las Municipalidades a Nivel Nacional, a trav\u00e9s de la entrega de una raci\u00f3n diaria de alimentos a los grupos sociales m\u00e1s vulnerables, con el PROP\u00d3SITO DE AYUDAR A SUPERAR LA INSEGURIDAD ALIMENTARIA EN LA QUE SE ENCUENTRA EN LA ACTUALIDAD. &nbsp; ANTECEDENTES El Programa Leer m\u00e1s...","og_url":"https:\/\/municorani.gob.pe\/index.php\/programa-vaso-de-leche\/","og_site_name":"MUNICIPALIDAD DISTRITAL DE CORANI","article_modified_time":"2019-06-07T16:35:54+00:00","og_image":[{"url":"http:\/\/municorani.gob.pe\/wp-content\/uploads\/2019\/06\/vasodeleche.png"}],"twitter_card":"summary_large_image","twitter_misc":{"Tiempo de lectura":"4 minutos"},"schema":{"@context":"https:\/\/schema.org","@graph":[{"@type":"WebSite","@id":"https:\/\/municorani.gob.pe\/#website","url":"https:\/\/municorani.gob.pe\/","name":"MUNICIPALIDAD DISTRITAL DE CORANI","description":"&quot;Cuna de las Rondas Campesinas&quot;","potentialAction":[{"@type":"SearchAction","target":{"@type":"EntryPoint","urlTemplate":"https:\/\/municorani.gob.pe\/?s={search_term_string}"},"query-input":"required name=search_term_string"}],"inLanguage":"es"},{"@type":"ImageObject","@id":"https:\/\/municorani.gob.pe\/index.php\/programa-vaso-de-leche\/#primaryimage","inLanguage":"es","url":"http:\/\/municorani.gob.pe\/wp-content\/uploads\/2019\/06\/vasodeleche.png","contentUrl":"http:\/\/municorani.gob.pe\/wp-content\/uploads\/2019\/06\/vasodeleche.png"},{"@type":"WebPage","@id":"https:\/\/municorani.gob.pe\/index.php\/programa-vaso-de-leche\/#webpage","url":"https:\/\/municorani.gob.pe\/index.php\/programa-vaso-de-leche\/","name":"PROGRAMA VASO DE LECHE - MUNICIPALIDAD DISTRITAL DE CORANI","isPartOf":{"@id":"https:\/\/municorani.gob.pe\/#website"},"primaryImageOfPage":{"@id":"https:\/\/municorani.gob.pe\/index.php\/programa-vaso-de-leche\/#primaryimage"},"datePublished":"2019-06-07T16:27:51+00:00","dateModified":"2019-06-07T16:35:54+00:00","breadcrumb":{"@id":"https:\/\/municorani.gob.pe\/index.php\/programa-vaso-de-leche\/#breadcrumb"},"inLanguage":"es","potentialAction":[{"@type":"ReadAction","target":["https:\/\/municorani.gob.pe\/index.php\/programa-vaso-de-leche\/"]}]},{"@type":"BreadcrumbList","@id":"https:\/\/municorani.gob.pe\/index.php\/programa-vaso-de-leche\/#breadcrumb","itemListElement":[{"@type":"ListItem","position":1,"name":"Portada","item":"https:\/\/municorani.gob.pe\/"},{"@type":"ListItem","position":2,"name":"PROGRAMA VASO DE LECHE"}]}]}},"_links":{"self":[{"href":"https:\/\/municorani.gob.pe\/index.php\/wp-json\/wp\/v2\/pages\/536","targetHints":{"allow":["GET"]}}],"collection":[{"href":"https:\/\/municorani.gob.pe\/index.php\/wp-json\/wp\/v2\/pages"}],"about":[{"href":"https:\/\/municorani.gob.pe\/index.php\/wp-json\/wp\/v2\/types\/page"}],"author":[{"embeddable":true,"href":"https:\/\/municorani.gob.pe\/index.php\/wp-json\/wp\/v2\/users\/1"}],"replies":[{"embeddable":true,"href":"https:\/\/municorani.gob.pe\/index.php\/wp-json\/wp\/v2\/comments?post=536"}],"version-history":[{"count":5,"href":"https:\/\/municorani.gob.pe\/index.php\/wp-json\/wp\/v2\/pages\/536\/revisions"}],"predecessor-version":[{"id":543,"href":"https:\/\/municorani.gob.pe\/index.php\/wp-json\/wp\/v2\/pages\/536\/revisions\/543"}],"wp:attachment":[{"href":"https:\/\/municorani.gob.pe\/index.php\/wp-json\/wp\/v2\/media?parent=536"}],"curies":[{"name":"wp","href":"https:\/\/api.w.org\/{rel}","templated":true}]}}