{"id":418,"date":"2019-05-07T12:19:39","date_gmt":"2019-05-07T17:19:39","guid":{"rendered":"http:\/\/municorani.gob.pe\/?page_id=418"},"modified":"2024-02-12T15:04:29","modified_gmt":"2024-02-12T20:04:29","slug":"agricultura","status":"publish","type":"page","link":"https:\/\/municorani.gob.pe\/index.php\/agricultura\/","title":{"rendered":"AGRICULTURA"},"content":{"rendered":"<p><img loading=\"lazy\" decoding=\"async\" class=\"size-large wp-image-1912 aligncenter\" src=\"https:\/\/municorani.gob.pe\/wp-content\/uploads\/2024\/02\/365227746_211615168546398_2609103200587957506_n-1024x683.jpg\" alt=\"\" width=\"847\" height=\"565\" srcset=\"https:\/\/municorani.gob.pe\/wp-content\/uploads\/2024\/02\/365227746_211615168546398_2609103200587957506_n-1024x683.jpg 1024w, https:\/\/municorani.gob.pe\/wp-content\/uploads\/2024\/02\/365227746_211615168546398_2609103200587957506_n-300x200.jpg 300w, https:\/\/municorani.gob.pe\/wp-content\/uploads\/2024\/02\/365227746_211615168546398_2609103200587957506_n-768x512.jpg 768w, https:\/\/municorani.gob.pe\/wp-content\/uploads\/2024\/02\/365227746_211615168546398_2609103200587957506_n-1536x1024.jpg 1536w, https:\/\/municorani.gob.pe\/wp-content\/uploads\/2024\/02\/365227746_211615168546398_2609103200587957506_n-360x240.jpg 360w, https:\/\/municorani.gob.pe\/wp-content\/uploads\/2024\/02\/365227746_211615168546398_2609103200587957506_n.jpg 2048w\" sizes=\"auto, (max-width: 847px) 100vw, 847px\" \/>En el \u00e1rea agr\u00edcola, se realiza el apoyo y asesoramiento a las 5 comunidades, la Municipalidad Distrital de Corani, mediante su oficina de Sub Gerencia Desarrollo Econ\u00f3mico, nuestra \u00e1rea, que est\u00e1 destinado a proyectos productivos del \u00e1rea agr\u00edcola. Un ejemplo palpable es la construcci\u00f3n, equipamiento e implementaci\u00f3n de un Biohuerto, fitotoldos donde de esa manera se produce hortalizas para complementar la alimentaci\u00f3n y reducir el \u00edndice de desnutrici\u00f3n de los escolares, mientras que la comunidad de Isivilla desarrolla el expediente del proyecto en producci\u00f3n de papa nativa, para presentarlo al programa Agroideas.<\/p>\n<p>&nbsp;<\/p>\n","protected":false},"excerpt":{"rendered":"<p>En el \u00e1rea agr\u00edcola, se realiza el apoyo y asesoramiento a las 5 comunidades, la Municipalidad Distrital de Corani, mediante su oficina de Sub Gerencia Desarrollo Econ\u00f3mico, nuestra \u00e1rea, que est\u00e1 destinado a proyectos productivos del \u00e1rea agr\u00edcola. Un ejemplo palpable es la construcci\u00f3n, equipamiento e implementaci\u00f3n de un Biohuerto, fitotoldos donde de esa manera se produce hortalizas para complementar la alimentaci\u00f3n y reducir el \u00edndice de desnutrici\u00f3n de los <a href=\"https:\/\/municorani.gob.pe\/index.php\/agricultura\/\" class=\"read-more\">Leer m\u00e1s&#8230;<\/a><\/p>\n","protected":false},"author":1,"featured_media":1912,"parent":0,"menu_order":0,"comment_status":"closed","ping_status":"closed","template":"","meta":{"footnotes":""},"class_list":["post-418","page","type-page","status-publish","has-post-thumbnail","hentry"],"yoast_head":"<!-- This site is optimized with the Yoast SEO plugin v17.7.1 - https:\/\/yoast.com\/wordpress\/plugins\/seo\/ -->\n<title>AGRICULTURA - MUNICIPALIDAD DISTRITAL DE CORANI<\/title>\n<meta name=\"robots\" content=\"index, follow, max-snippet:-1, max-image-preview:large, max-video-preview:-1\" \/>\n<link rel=\"canonical\" href=\"https:\/\/municorani.gob.pe\/index.php\/agricultura\/\" \/>\n<meta property=\"og:locale\" content=\"es_ES\" \/>\n<meta property=\"og:type\" content=\"article\" \/>\n<meta property=\"og:title\" content=\"AGRICULTURA - MUNICIPALIDAD DISTRITAL DE CORANI\" \/>\n<meta property=\"og:description\" content=\"En el \u00e1rea agr\u00edcola, se realiza el apoyo y asesoramiento a las 5 comunidades, la Municipalidad Distrital de Corani, mediante su oficina de Sub Gerencia Desarrollo Econ\u00f3mico, nuestra \u00e1rea, que est\u00e1 destinado a proyectos productivos del \u00e1rea agr\u00edcola. Un ejemplo palpable es la construcci\u00f3n, equipamiento e implementaci\u00f3n de un Biohuerto, fitotoldos donde de esa manera se produce hortalizas para complementar la alimentaci\u00f3n y reducir el \u00edndice de desnutrici\u00f3n de los Leer m\u00e1s...\" \/>\n<meta property=\"og:url\" content=\"https:\/\/municorani.gob.pe\/index.php\/agricultura\/\" \/>\n<meta property=\"og:site_name\" content=\"MUNICIPALIDAD DISTRITAL DE CORANI\" \/>\n<meta property=\"article:modified_time\" content=\"2024-02-12T20:04:29+00:00\" \/>\n<meta property=\"og:image\" content=\"https:\/\/municorani.gob.pe\/wp-content\/uploads\/2024\/02\/365227746_211615168546398_2609103200587957506_n.jpg\" \/>\n\t<meta property=\"og:image:width\" content=\"2048\" \/>\n\t<meta property=\"og:image:height\" content=\"1365\" \/>\n<meta name=\"twitter:card\" content=\"summary_large_image\" \/>\n<meta name=\"twitter:label1\" content=\"Tiempo de lectura\" \/>\n\t<meta name=\"twitter:data1\" content=\"1 minuto\" \/>\n<script type=\"application\/ld+json\" class=\"yoast-schema-graph\">{\"@context\":\"https:\/\/schema.org\",\"@graph\":[{\"@type\":\"WebSite\",\"@id\":\"https:\/\/municorani.gob.pe\/#website\",\"url\":\"https:\/\/municorani.gob.pe\/\",\"name\":\"MUNICIPALIDAD DISTRITAL DE CORANI\",\"description\":\"&quot;Cuna de las Rondas Campesinas&quot;\",\"potentialAction\":[{\"@type\":\"SearchAction\",\"target\":{\"@type\":\"EntryPoint\",\"urlTemplate\":\"https:\/\/municorani.gob.pe\/?s={search_term_string}\"},\"query-input\":\"required name=search_term_string\"}],\"inLanguage\":\"es\"},{\"@type\":\"ImageObject\",\"@id\":\"https:\/\/municorani.gob.pe\/index.php\/agricultura\/#primaryimage\",\"inLanguage\":\"es\",\"url\":\"https:\/\/municorani.gob.pe\/wp-content\/uploads\/2024\/02\/365227746_211615168546398_2609103200587957506_n.jpg\",\"contentUrl\":\"https:\/\/municorani.gob.pe\/wp-content\/uploads\/2024\/02\/365227746_211615168546398_2609103200587957506_n.jpg\",\"width\":2048,\"height\":1365},{\"@type\":\"WebPage\",\"@id\":\"https:\/\/municorani.gob.pe\/index.php\/agricultura\/#webpage\",\"url\":\"https:\/\/municorani.gob.pe\/index.php\/agricultura\/\",\"name\":\"AGRICULTURA - MUNICIPALIDAD DISTRITAL DE CORANI\",\"isPartOf\":{\"@id\":\"https:\/\/municorani.gob.pe\/#website\"},\"primaryImageOfPage\":{\"@id\":\"https:\/\/municorani.gob.pe\/index.php\/agricultura\/#primaryimage\"},\"datePublished\":\"2019-05-07T17:19:39+00:00\",\"dateModified\":\"2024-02-12T20:04:29+00:00\",\"breadcrumb\":{\"@id\":\"https:\/\/municorani.gob.pe\/index.php\/agricultura\/#breadcrumb\"},\"inLanguage\":\"es\",\"potentialAction\":[{\"@type\":\"ReadAction\",\"target\":[\"https:\/\/municorani.gob.pe\/index.php\/agricultura\/\"]}]},{\"@type\":\"BreadcrumbList\",\"@id\":\"https:\/\/municorani.gob.pe\/index.php\/agricultura\/#breadcrumb\",\"itemListElement\":[{\"@type\":\"ListItem\",\"position\":1,\"name\":\"Portada\",\"item\":\"https:\/\/municorani.gob.pe\/\"},{\"@type\":\"ListItem\",\"position\":2,\"name\":\"AGRICULTURA\"}]}]}<\/script>\n<!-- \/ Yoast SEO plugin. -->","yoast_head_json":{"title":"AGRICULTURA - MUNICIPALIDAD DISTRITAL DE CORANI","robots":{"index":"index","follow":"follow","max-snippet":"max-snippet:-1","max-image-preview":"max-image-preview:large","max-video-preview":"max-video-preview:-1"},"canonical":"https:\/\/municorani.gob.pe\/index.php\/agricultura\/","og_locale":"es_ES","og_type":"article","og_title":"AGRICULTURA - MUNICIPALIDAD DISTRITAL DE CORANI","og_description":"En el \u00e1rea agr\u00edcola, se realiza el apoyo y asesoramiento a las 5 comunidades, la Municipalidad Distrital de Corani, mediante su oficina de Sub Gerencia Desarrollo Econ\u00f3mico, nuestra \u00e1rea, que est\u00e1 destinado a proyectos productivos del \u00e1rea agr\u00edcola. Un ejemplo palpable es la construcci\u00f3n, equipamiento e implementaci\u00f3n de un Biohuerto, fitotoldos donde de esa manera se produce hortalizas para complementar la alimentaci\u00f3n y reducir el \u00edndice de desnutrici\u00f3n de los Leer m\u00e1s...","og_url":"https:\/\/municorani.gob.pe\/index.php\/agricultura\/","og_site_name":"MUNICIPALIDAD DISTRITAL DE CORANI","article_modified_time":"2024-02-12T20:04:29+00:00","og_image":[{"width":2048,"height":1365,"url":"https:\/\/municorani.gob.pe\/wp-content\/uploads\/2024\/02\/365227746_211615168546398_2609103200587957506_n.jpg","type":"image\/jpeg"}],"twitter_card":"summary_large_image","twitter_misc":{"Tiempo de lectura":"1 minuto"},"schema":{"@context":"https:\/\/schema.org","@graph":[{"@type":"WebSite","@id":"https:\/\/municorani.gob.pe\/#website","url":"https:\/\/municorani.gob.pe\/","name":"MUNICIPALIDAD DISTRITAL DE CORANI","description":"&quot;Cuna de las Rondas Campesinas&quot;","potentialAction":[{"@type":"SearchAction","target":{"@type":"EntryPoint","urlTemplate":"https:\/\/municorani.gob.pe\/?s={search_term_string}"},"query-input":"required name=search_term_string"}],"inLanguage":"es"},{"@type":"ImageObject","@id":"https:\/\/municorani.gob.pe\/index.php\/agricultura\/#primaryimage","inLanguage":"es","url":"https:\/\/municorani.gob.pe\/wp-content\/uploads\/2024\/02\/365227746_211615168546398_2609103200587957506_n.jpg","contentUrl":"https:\/\/municorani.gob.pe\/wp-content\/uploads\/2024\/02\/365227746_211615168546398_2609103200587957506_n.jpg","width":2048,"height":1365},{"@type":"WebPage","@id":"https:\/\/municorani.gob.pe\/index.php\/agricultura\/#webpage","url":"https:\/\/municorani.gob.pe\/index.php\/agricultura\/","name":"AGRICULTURA - MUNICIPALIDAD DISTRITAL DE CORANI","isPartOf":{"@id":"https:\/\/municorani.gob.pe\/#website"},"primaryImageOfPage":{"@id":"https:\/\/municorani.gob.pe\/index.php\/agricultura\/#primaryimage"},"datePublished":"2019-05-07T17:19:39+00:00","dateModified":"2024-02-12T20:04:29+00:00","breadcrumb":{"@id":"https:\/\/municorani.gob.pe\/index.php\/agricultura\/#breadcrumb"},"inLanguage":"es","potentialAction":[{"@type":"ReadAction","target":["https:\/\/municorani.gob.pe\/index.php\/agricultura\/"]}]},{"@type":"BreadcrumbList","@id":"https:\/\/municorani.gob.pe\/index.php\/agricultura\/#breadcrumb","itemListElement":[{"@type":"ListItem","position":1,"name":"Portada","item":"https:\/\/municorani.gob.pe\/"},{"@type":"ListItem","position":2,"name":"AGRICULTURA"}]}]}},"_links":{"self":[{"href":"https:\/\/municorani.gob.pe\/index.php\/wp-json\/wp\/v2\/pages\/418","targetHints":{"allow":["GET"]}}],"collection":[{"href":"https:\/\/municorani.gob.pe\/index.php\/wp-json\/wp\/v2\/pages"}],"about":[{"href":"https:\/\/municorani.gob.pe\/index.php\/wp-json\/wp\/v2\/types\/page"}],"author":[{"embeddable":true,"href":"https:\/\/municorani.gob.pe\/index.php\/wp-json\/wp\/v2\/users\/1"}],"replies":[{"embeddable":true,"href":"https:\/\/municorani.gob.pe\/index.php\/wp-json\/wp\/v2\/comments?post=418"}],"version-history":[{"count":4,"href":"https:\/\/municorani.gob.pe\/index.php\/wp-json\/wp\/v2\/pages\/418\/revisions"}],"predecessor-version":[{"id":1913,"href":"https:\/\/municorani.gob.pe\/index.php\/wp-json\/wp\/v2\/pages\/418\/revisions\/1913"}],"wp:featuredmedia":[{"embeddable":true,"href":"https:\/\/municorani.gob.pe\/index.php\/wp-json\/wp\/v2\/media\/1912"}],"wp:attachment":[{"href":"https:\/\/municorani.gob.pe\/index.php\/wp-json\/wp\/v2\/media?parent=418"}],"curies":[{"name":"wp","href":"https:\/\/api.w.org\/{rel}","templated":true}]}}