{"id":381,"date":"2019-05-07T11:00:39","date_gmt":"2019-05-07T16:00:39","guid":{"rendered":"http:\/\/municorani.gob.pe\/?page_id=381"},"modified":"2019-10-29T10:42:17","modified_gmt":"2019-10-29T15:42:17","slug":"corani-carabaya","status":"publish","type":"page","link":"https:\/\/municorani.gob.pe\/index.php\/corani-carabaya\/","title":{"rendered":"CORANI &#8211; CARABAYA"},"content":{"rendered":"<h1><span style=\"color: #ffff00;\">Pueblo de Corani<\/span><\/h1>\n<p>El distrito de Corani, es uno de los 10 distritos que conforman la Provincia de Carabaya, ubicada en el Departamento Puno, perteneciente a la regi\u00f3n Puno en el sudeste de Peru. En este distrito est\u00e1 ubicado el abra de Chimboya a 5150 msnm, la m\u00e1s alta del Per\u00fa, ubicada en la v\u00eda Isivilla, Corani, Ayma\u00f1a y Viluyo. Pol\u00edticamente, est\u00e1 dividido en cinco comunidades: &#8211; Corani &#8211; Chimboya &#8211; Isivilla &#8211; Chacaconiza &#8211; Q\u2019elcaya Con referente a las comunidades.<\/p>\n","protected":false},"excerpt":{"rendered":"<p>Pueblo de Corani El distrito de Corani, es uno de los 10 distritos que conforman la Provincia de Carabaya, ubicada en el Departamento Puno, perteneciente a la regi\u00f3n Puno en el sudeste de Peru. En este distrito est\u00e1 ubicado el abra de Chimboya a 5150 msnm, la m\u00e1s alta del Per\u00fa, ubicada en la v\u00eda Isivilla, Corani, Ayma\u00f1a y Viluyo. Pol\u00edticamente, est\u00e1 dividido en cinco comunidades: &#8211; Corani &#8211; Chimboya <a href=\"https:\/\/municorani.gob.pe\/index.php\/corani-carabaya\/\" class=\"read-more\">Leer m\u00e1s&#8230;<\/a><\/p>\n","protected":false},"author":1,"featured_media":382,"parent":0,"menu_order":0,"comment_status":"closed","ping_status":"closed","template":"","meta":{"footnotes":""},"class_list":["post-381","page","type-page","status-publish","has-post-thumbnail","hentry"],"yoast_head":"<!-- This site is optimized with the Yoast SEO plugin v17.7.1 - https:\/\/yoast.com\/wordpress\/plugins\/seo\/ -->\n<title>CORANI - CARABAYA - MUNICIPALIDAD DISTRITAL DE CORANI<\/title>\n<meta name=\"robots\" content=\"index, follow, max-snippet:-1, max-image-preview:large, max-video-preview:-1\" \/>\n<link rel=\"canonical\" href=\"https:\/\/municorani.gob.pe\/index.php\/corani-carabaya\/\" \/>\n<meta property=\"og:locale\" content=\"es_ES\" \/>\n<meta property=\"og:type\" content=\"article\" \/>\n<meta property=\"og:title\" content=\"CORANI - CARABAYA - MUNICIPALIDAD DISTRITAL DE CORANI\" \/>\n<meta property=\"og:description\" content=\"Pueblo de Corani El distrito de Corani, es uno de los 10 distritos que conforman la Provincia de Carabaya, ubicada en el Departamento Puno, perteneciente a la regi\u00f3n Puno en el sudeste de Peru. En este distrito est\u00e1 ubicado el abra de Chimboya a 5150 msnm, la m\u00e1s alta del Per\u00fa, ubicada en la v\u00eda Isivilla, Corani, Ayma\u00f1a y Viluyo. Pol\u00edticamente, est\u00e1 dividido en cinco comunidades: &#8211; Corani &#8211; Chimboya Leer m\u00e1s...\" \/>\n<meta property=\"og:url\" content=\"https:\/\/municorani.gob.pe\/index.php\/corani-carabaya\/\" \/>\n<meta property=\"og:site_name\" content=\"MUNICIPALIDAD DISTRITAL DE CORANI\" \/>\n<meta property=\"article:modified_time\" content=\"2019-10-29T15:42:17+00:00\" \/>\n<meta property=\"og:image\" content=\"https:\/\/municorani.gob.pe\/wp-content\/uploads\/2019\/05\/CORANI-1.png\" \/>\n\t<meta property=\"og:image:width\" content=\"800\" \/>\n\t<meta property=\"og:image:height\" content=\"200\" \/>\n<meta name=\"twitter:card\" content=\"summary_large_image\" \/>\n<script type=\"application\/ld+json\" class=\"yoast-schema-graph\">{\"@context\":\"https:\/\/schema.org\",\"@graph\":[{\"@type\":\"WebSite\",\"@id\":\"https:\/\/municorani.gob.pe\/#website\",\"url\":\"https:\/\/municorani.gob.pe\/\",\"name\":\"MUNICIPALIDAD DISTRITAL DE CORANI\",\"description\":\"&quot;Cuna de las Rondas Campesinas&quot;\",\"potentialAction\":[{\"@type\":\"SearchAction\",\"target\":{\"@type\":\"EntryPoint\",\"urlTemplate\":\"https:\/\/municorani.gob.pe\/?s={search_term_string}\"},\"query-input\":\"required name=search_term_string\"}],\"inLanguage\":\"es\"},{\"@type\":\"ImageObject\",\"@id\":\"https:\/\/municorani.gob.pe\/index.php\/corani-carabaya\/#primaryimage\",\"inLanguage\":\"es\",\"url\":\"https:\/\/municorani.gob.pe\/wp-content\/uploads\/2019\/05\/CORANI-1.png\",\"contentUrl\":\"https:\/\/municorani.gob.pe\/wp-content\/uploads\/2019\/05\/CORANI-1.png\",\"width\":800,\"height\":200},{\"@type\":\"WebPage\",\"@id\":\"https:\/\/municorani.gob.pe\/index.php\/corani-carabaya\/#webpage\",\"url\":\"https:\/\/municorani.gob.pe\/index.php\/corani-carabaya\/\",\"name\":\"CORANI - CARABAYA - MUNICIPALIDAD DISTRITAL DE CORANI\",\"isPartOf\":{\"@id\":\"https:\/\/municorani.gob.pe\/#website\"},\"primaryImageOfPage\":{\"@id\":\"https:\/\/municorani.gob.pe\/index.php\/corani-carabaya\/#primaryimage\"},\"datePublished\":\"2019-05-07T16:00:39+00:00\",\"dateModified\":\"2019-10-29T15:42:17+00:00\",\"breadcrumb\":{\"@id\":\"https:\/\/municorani.gob.pe\/index.php\/corani-carabaya\/#breadcrumb\"},\"inLanguage\":\"es\",\"potentialAction\":[{\"@type\":\"ReadAction\",\"target\":[\"https:\/\/municorani.gob.pe\/index.php\/corani-carabaya\/\"]}]},{\"@type\":\"BreadcrumbList\",\"@id\":\"https:\/\/municorani.gob.pe\/index.php\/corani-carabaya\/#breadcrumb\",\"itemListElement\":[{\"@type\":\"ListItem\",\"position\":1,\"name\":\"Portada\",\"item\":\"https:\/\/municorani.gob.pe\/\"},{\"@type\":\"ListItem\",\"position\":2,\"name\":\"CORANI &#8211; CARABAYA\"}]}]}<\/script>\n<!-- \/ Yoast SEO plugin. -->","yoast_head_json":{"title":"CORANI - CARABAYA - MUNICIPALIDAD DISTRITAL DE CORANI","robots":{"index":"index","follow":"follow","max-snippet":"max-snippet:-1","max-image-preview":"max-image-preview:large","max-video-preview":"max-video-preview:-1"},"canonical":"https:\/\/municorani.gob.pe\/index.php\/corani-carabaya\/","og_locale":"es_ES","og_type":"article","og_title":"CORANI - CARABAYA - MUNICIPALIDAD DISTRITAL DE CORANI","og_description":"Pueblo de Corani El distrito de Corani, es uno de los 10 distritos que conforman la Provincia de Carabaya, ubicada en el Departamento Puno, perteneciente a la regi\u00f3n Puno en el sudeste de Peru. En este distrito est\u00e1 ubicado el abra de Chimboya a 5150 msnm, la m\u00e1s alta del Per\u00fa, ubicada en la v\u00eda Isivilla, Corani, Ayma\u00f1a y Viluyo. Pol\u00edticamente, est\u00e1 dividido en cinco comunidades: &#8211; Corani &#8211; Chimboya Leer m\u00e1s...","og_url":"https:\/\/municorani.gob.pe\/index.php\/corani-carabaya\/","og_site_name":"MUNICIPALIDAD DISTRITAL DE CORANI","article_modified_time":"2019-10-29T15:42:17+00:00","og_image":[{"width":800,"height":200,"url":"https:\/\/municorani.gob.pe\/wp-content\/uploads\/2019\/05\/CORANI-1.png","type":"image\/png"}],"twitter_card":"summary_large_image","schema":{"@context":"https:\/\/schema.org","@graph":[{"@type":"WebSite","@id":"https:\/\/municorani.gob.pe\/#website","url":"https:\/\/municorani.gob.pe\/","name":"MUNICIPALIDAD DISTRITAL DE CORANI","description":"&quot;Cuna de las Rondas Campesinas&quot;","potentialAction":[{"@type":"SearchAction","target":{"@type":"EntryPoint","urlTemplate":"https:\/\/municorani.gob.pe\/?s={search_term_string}"},"query-input":"required name=search_term_string"}],"inLanguage":"es"},{"@type":"ImageObject","@id":"https:\/\/municorani.gob.pe\/index.php\/corani-carabaya\/#primaryimage","inLanguage":"es","url":"https:\/\/municorani.gob.pe\/wp-content\/uploads\/2019\/05\/CORANI-1.png","contentUrl":"https:\/\/municorani.gob.pe\/wp-content\/uploads\/2019\/05\/CORANI-1.png","width":800,"height":200},{"@type":"WebPage","@id":"https:\/\/municorani.gob.pe\/index.php\/corani-carabaya\/#webpage","url":"https:\/\/municorani.gob.pe\/index.php\/corani-carabaya\/","name":"CORANI - CARABAYA - MUNICIPALIDAD DISTRITAL DE CORANI","isPartOf":{"@id":"https:\/\/municorani.gob.pe\/#website"},"primaryImageOfPage":{"@id":"https:\/\/municorani.gob.pe\/index.php\/corani-carabaya\/#primaryimage"},"datePublished":"2019-05-07T16:00:39+00:00","dateModified":"2019-10-29T15:42:17+00:00","breadcrumb":{"@id":"https:\/\/municorani.gob.pe\/index.php\/corani-carabaya\/#breadcrumb"},"inLanguage":"es","potentialAction":[{"@type":"ReadAction","target":["https:\/\/municorani.gob.pe\/index.php\/corani-carabaya\/"]}]},{"@type":"BreadcrumbList","@id":"https:\/\/municorani.gob.pe\/index.php\/corani-carabaya\/#breadcrumb","itemListElement":[{"@type":"ListItem","position":1,"name":"Portada","item":"https:\/\/municorani.gob.pe\/"},{"@type":"ListItem","position":2,"name":"CORANI &#8211; CARABAYA"}]}]}},"_links":{"self":[{"href":"https:\/\/municorani.gob.pe\/index.php\/wp-json\/wp\/v2\/pages\/381","targetHints":{"allow":["GET"]}}],"collection":[{"href":"https:\/\/municorani.gob.pe\/index.php\/wp-json\/wp\/v2\/pages"}],"about":[{"href":"https:\/\/municorani.gob.pe\/index.php\/wp-json\/wp\/v2\/types\/page"}],"author":[{"embeddable":true,"href":"https:\/\/municorani.gob.pe\/index.php\/wp-json\/wp\/v2\/users\/1"}],"replies":[{"embeddable":true,"href":"https:\/\/municorani.gob.pe\/index.php\/wp-json\/wp\/v2\/comments?post=381"}],"version-history":[{"count":4,"href":"https:\/\/municorani.gob.pe\/index.php\/wp-json\/wp\/v2\/pages\/381\/revisions"}],"predecessor-version":[{"id":669,"href":"https:\/\/municorani.gob.pe\/index.php\/wp-json\/wp\/v2\/pages\/381\/revisions\/669"}],"wp:featuredmedia":[{"embeddable":true,"href":"https:\/\/municorani.gob.pe\/index.php\/wp-json\/wp\/v2\/media\/382"}],"wp:attachment":[{"href":"https:\/\/municorani.gob.pe\/index.php\/wp-json\/wp\/v2\/media?parent=381"}],"curies":[{"name":"wp","href":"https:\/\/api.w.org\/{rel}","templated":true}]}}